{"id":269,"date":"2018-01-20T15:33:16","date_gmt":"2018-01-20T15:33:16","guid":{"rendered":"http:\/\/cavalierciric.com\/?page_id=269"},"modified":"2024-06-22T14:31:36","modified_gmt":"2024-06-22T14:31:36","slug":"kavalijer-spanijel-stenad-prodaja-pasa","status":"publish","type":"page","link":"https:\/\/www.cavalierciric.com\/en\/cavalier-king-charles-spaniel-dogs-for-sale\/","title":{"rendered":"Prodaja Pasa"},"content":{"rendered":"<h3 style=\"text-align: center;\">Kavalier \u0160panijel King \u010carls Na Prodaju<\/h3>\n<h2 style=\"text-align: center;\"><\/h2>\n<p><img fetchpriority=\"high\" decoding=\"async\" src=\"https:\/\/www.cavalierciric.com\/wp-content\/uploads\/2020\/04\/cavalier-stenad-prodaja-2-1024x768.jpg\" sizes=\"(max-width: 720px) 100vw, 720px\" srcset=\"https:\/\/www.cavalierciric.com\/wp-content\/uploads\/2020\/04\/cavalier-stenad-prodaja-2-1024x768.jpg 1024w, https:\/\/www.cavalierciric.com\/wp-content\/uploads\/2020\/04\/cavalier-stenad-prodaja-2-300x225.jpg 300w, https:\/\/www.cavalierciric.com\/wp-content\/uploads\/2020\/04\/cavalier-stenad-prodaja-2-768x576.jpg 768w, https:\/\/www.cavalierciric.com\/wp-content\/uploads\/2020\/04\/cavalier-stenad-prodaja-2.jpg 1440w\" alt=\"\" width=\"720\" height=\"540\" \/><\/p>\n<p><strong>De Kuntentizza of \u0106iri\u0107<br \/>\n<\/strong><\/p>\n<p><strong>MU\u017dJACI<\/strong><\/p>\n<p><strong>O\u0161tenjeni 25.03.2020.god<br \/>\nTata : Maybe Masterpiece Sylena<br \/>\nMama : An\u0111ela De Kuntentizza of \u0106iri\u0107<\/strong><br \/>\n<img decoding=\"async\" src=\"https:\/\/www.cavalierciric.com\/wp-content\/uploads\/2020\/04\/cavalier-stenad-prodaja-zenka1-1024x768.jpg\" sizes=\"(max-width: 720px) 100vw, 720px\" srcset=\"https:\/\/www.cavalierciric.com\/wp-content\/uploads\/2020\/04\/cavalier-stenad-prodaja-zenka1-1024x768.jpg 1024w, https:\/\/www.cavalierciric.com\/wp-content\/uploads\/2020\/04\/cavalier-stenad-prodaja-zenka1-300x225.jpg 300w, https:\/\/www.cavalierciric.com\/wp-content\/uploads\/2020\/04\/cavalier-stenad-prodaja-zenka1-768x576.jpg 768w, https:\/\/www.cavalierciric.com\/wp-content\/uploads\/2020\/04\/cavalier-stenad-prodaja-zenka1-1536x1152.jpg 1536w, https:\/\/www.cavalierciric.com\/wp-content\/uploads\/2020\/04\/cavalier-stenad-prodaja-zenka1.jpg 2048w\" alt=\"\" width=\"720\" height=\"540\" \/><\/p>\n<p><strong>De Kuntentizza of \u0106iri\u0107<br \/>\n<\/strong><\/p>\n<p><strong>\u017dENKA<\/strong><\/p>\n<p><strong>O\u0161tenjeni 25.03.2020.god<br \/>\nTata : Maybe Masterpiece Sylena<br \/>\nMama : An\u0111ela De Kuntentizza of \u0106iri\u0107<\/strong><\/p>\n<p><\/p>","protected":false},"excerpt":{"rendered":"<p>Kavalier \u0160panijel King \u010carls Na Prodaju De Kuntentizza of \u0106iri\u0107 MU\u017dJACI O\u0161tenjeni 25.03.2020.god Tata : Maybe Masterpiece Sylena Mama : An\u0111ela De Kuntentizza of \u0106iri\u0107 De Kuntentizza of \u0106iri\u0107 \u017dENKA O\u0161tenjeni 25.03.2020.god Tata : Maybe Masterpiece Sylena Mama : An\u0111ela De Kuntentizza of \u0106iri\u0107<\/p>\n","protected":false},"author":1,"featured_media":0,"parent":0,"menu_order":0,"comment_status":"closed","ping_status":"closed","template":"template-fullwidth.php","meta":{"om_disable_all_campaigns":false,"_monsterinsights_skip_tracking":false,"_monsterinsights_sitenote_active":false,"_monsterinsights_sitenote_note":"","_monsterinsights_sitenote_category":0,"_uf_show_specific_survey":0,"_uf_disable_surveys":false,"footnotes":""},"class_list":["post-269","page","type-page","status-publish","hentry"],"aioseo_notices":[],"_links":{"self":[{"href":"https:\/\/www.cavalierciric.com\/en\/wp-json\/wp\/v2\/pages\/269","targetHints":{"allow":["GET"]}}],"collection":[{"href":"https:\/\/www.cavalierciric.com\/en\/wp-json\/wp\/v2\/pages"}],"about":[{"href":"https:\/\/www.cavalierciric.com\/en\/wp-json\/wp\/v2\/types\/page"}],"author":[{"embeddable":true,"href":"https:\/\/www.cavalierciric.com\/en\/wp-json\/wp\/v2\/users\/1"}],"replies":[{"embeddable":true,"href":"https:\/\/www.cavalierciric.com\/en\/wp-json\/wp\/v2\/comments?post=269"}],"version-history":[{"count":16,"href":"https:\/\/www.cavalierciric.com\/en\/wp-json\/wp\/v2\/pages\/269\/revisions"}],"predecessor-version":[{"id":941,"href":"https:\/\/www.cavalierciric.com\/en\/wp-json\/wp\/v2\/pages\/269\/revisions\/941"}],"wp:attachment":[{"href":"https:\/\/www.cavalierciric.com\/en\/wp-json\/wp\/v2\/media?parent=269"}],"curies":[{"name":"wp","href":"https:\/\/api.w.org\/{rel}","templated":true}]}}