{"id":566,"date":"2018-03-23T09:28:16","date_gmt":"2018-03-23T09:28:16","guid":{"rendered":"http:\/\/cavalierciric.com\/?page_id=566"},"modified":"2024-06-22T12:58:20","modified_gmt":"2024-06-22T12:58:20","slug":"kavalier-spanijel-odgajivacnica-ciric","status":"publish","type":"page","link":"https:\/\/www.cavalierciric.com\/en\/","title":{"rendered":"Cavalier King Charles Spaniel Kennel Ciric"},"content":{"rendered":"\t\t<div data-elementor-type=\"wp-post\" data-elementor-id=\"566\" class=\"elementor elementor-566\">\n\t\t\t\t\t\t<section class=\"elementor-section elementor-top-section elementor-element elementor-element-a7304e0 elementor-section-full_width elementor-section-height-default elementor-section-height-default\" data-id=\"a7304e0\" data-element_type=\"section\" data-e-type=\"section\">\n\t\t\t\t\t\t<div class=\"elementor-container elementor-column-gap-default\">\n\t\t\t\t\t<div class=\"elementor-column elementor-col-100 elementor-top-column elementor-element elementor-element-bdad38b\" data-id=\"bdad38b\" data-element_type=\"column\" data-e-type=\"column\">\n\t\t\t<div class=\"elementor-widget-wrap elementor-element-populated\">\n\t\t\t\t\t\t<div class=\"elementor-element elementor-element-4438132 elementor-widget elementor-widget-text-editor\" data-id=\"4438132\" data-element_type=\"widget\" data-e-type=\"widget\" data-widget_type=\"text-editor.default\">\n\t\t\t\t<div class=\"elementor-widget-container\">\n\t\t\t\t\t\t\t\t\t<h2 style=\"text-align: center;\">ODGAJIVA\u010cNICA KAVALIER \u0160PANIJELA KRALJA \u010cARLSA \u0106IRI\u0106 <br \/>DA SE PREDSTAVIMO\u00a0 \u00a0\u00a0<\/h2>\t\t\t\t\t\t\t\t<\/div>\n\t\t\t\t<\/div>\n\t\t\t\t\t<\/div>\n\t\t<\/div>\n\t\t\t\t\t<\/div>\n\t\t<\/section>\n\t\t\t\t<section class=\"elementor-section elementor-top-section elementor-element elementor-element-908db61 elementor-section-boxed elementor-section-height-default elementor-section-height-default\" data-id=\"908db61\" data-element_type=\"section\" data-e-type=\"section\">\n\t\t\t\t\t\t<div class=\"elementor-container elementor-column-gap-default\">\n\t\t\t\t\t<div class=\"elementor-column elementor-col-50 elementor-top-column elementor-element elementor-element-bff21cb\" data-id=\"bff21cb\" data-element_type=\"column\" data-e-type=\"column\">\n\t\t\t<div class=\"elementor-widget-wrap elementor-element-populated\">\n\t\t\t\t\t\t<div class=\"elementor-element elementor-element-e5ff9f6 elementor-widget elementor-widget-text-editor\" data-id=\"e5ff9f6\" data-element_type=\"widget\" data-e-type=\"widget\" data-widget_type=\"text-editor.default\">\n\t\t\t\t<div class=\"elementor-widget-container\">\n\t\t\t\t\t\t\t\t\t<p>Nalazimo se u Vojvodini, malo mesto Bege\u010d pored Novog Sada. Sve je po\u010delo 2009 godine, kada smo kupili prvu malte\u0161ku pudlu. Uz veliku ljubav koju smo stekli prema psima, u Decembru 2011 godine registrujemo odgajiva\u010dnicu pod nazivom \u201cDe Kuntentizza of \u0106iri\u0107\u201d FCI-5263. 2014 godine stvara se ideja o pro\u0161irenju odgajiva\u010dnice sa drugom rasom.<\/p><p>Jedna rasa svojim izgledom i karakteristikama izazvala je pa\u017enju kod nas, a to je Cavalier King Charles Spaniel. U februaru 2014 godine uvezli smo prvu \u017eenku. O\u010darani tom pasminom, u martu iste godine uvozimo i drugu \u017eenku. Trenutno nasa odgajiva\u010dnica raspola\u017ee sa vi\u0161e \u017eenki. Uz bezuslovnu ljubav i posve\u0107enost na najvi\u0161em nivou, te\u017eimo ka napretku i pro\u0161irenju na\u0161e male porodi\u010dne odgajiva\u010dnice.<\/p><p>S po\u0161tovanjem \u201cDe Kuntentizza of \u0106iri\u0107<\/p><p style=\"text-align: center;\"><a href=\"https:\/\/www.cavalierciric.com\/wp-content\/uploads\/2021\/09\/sertifikat-kavalier-ciric.jpg\" data-lightbox=\"gal[566]\" rel=\"attachment wp-att-916\"><img fetchpriority=\"high\" decoding=\"async\" class=\"alignnone wp-image-916 size-medium\" src=\"https:\/\/www.cavalierciric.com\/wp-content\/uploads\/2021\/09\/sertifikat-kavalier-ciric-212x300.jpg\" alt=\"\" width=\"212\" height=\"300\" srcset=\"https:\/\/www.cavalierciric.com\/wp-content\/uploads\/2021\/09\/sertifikat-kavalier-ciric-212x300.jpg 212w, https:\/\/www.cavalierciric.com\/wp-content\/uploads\/2021\/09\/sertifikat-kavalier-ciric-723x1024.jpg 723w, https:\/\/www.cavalierciric.com\/wp-content\/uploads\/2021\/09\/sertifikat-kavalier-ciric-768x1087.jpg 768w, https:\/\/www.cavalierciric.com\/wp-content\/uploads\/2021\/09\/sertifikat-kavalier-ciric-1085x1536.jpg 1085w, https:\/\/www.cavalierciric.com\/wp-content\/uploads\/2021\/09\/sertifikat-kavalier-ciric.jpg 1131w\" sizes=\"(max-width: 212px) 100vw, 212px\" \/><\/a><\/p>\t\t\t\t\t\t\t\t<\/div>\n\t\t\t\t<\/div>\n\t\t\t\t\t<\/div>\n\t\t<\/div>\n\t\t\t\t<div class=\"elementor-column elementor-col-50 elementor-top-column elementor-element elementor-element-3afdf77\" data-id=\"3afdf77\" data-element_type=\"column\" data-e-type=\"column\">\n\t\t\t<div class=\"elementor-widget-wrap elementor-element-populated\">\n\t\t\t\t\t\t<div class=\"elementor-element elementor-element-3a1d3a2 elementor-widget elementor-widget-video\" data-id=\"3a1d3a2\" data-element_type=\"widget\" data-e-type=\"widget\" data-settings=\"{&quot;youtube_url&quot;:&quot;https:\\\/\\\/www.youtube.com\\\/watch?v=-uPYEiQE2Xw&quot;,&quot;video_type&quot;:&quot;youtube&quot;,&quot;controls&quot;:&quot;yes&quot;}\" data-widget_type=\"video.default\">\n\t\t\t\t<div class=\"elementor-widget-container\">\n\t\t\t\t\t\t\t<div class=\"elementor-wrapper elementor-open-inline\">\n\t\t\t<div class=\"elementor-video\"><\/div>\t\t<\/div>\n\t\t\t\t\t\t<\/div>\n\t\t\t\t<\/div>\n\t\t\t\t\t<\/div>\n\t\t<\/div>\n\t\t\t\t\t<\/div>\n\t\t<\/section>\n\t\t\t\t<section class=\"elementor-section elementor-top-section elementor-element elementor-element-5887fba elementor-section-full_width elementor-section-height-default elementor-section-height-default\" data-id=\"5887fba\" data-element_type=\"section\" data-e-type=\"section\">\n\t\t\t\t\t\t<div class=\"elementor-container elementor-column-gap-wide\">\n\t\t\t\t\t<div class=\"elementor-column elementor-col-100 elementor-top-column elementor-element elementor-element-0f9b312\" data-id=\"0f9b312\" data-element_type=\"column\" data-e-type=\"column\">\n\t\t\t<div class=\"elementor-widget-wrap elementor-element-populated\">\n\t\t\t\t\t\t<div class=\"elementor-element elementor-element-cb0d248 elementor-widget-divider--view-line elementor-widget elementor-widget-divider\" data-id=\"cb0d248\" data-element_type=\"widget\" data-e-type=\"widget\" data-widget_type=\"divider.default\">\n\t\t\t\t<div class=\"elementor-widget-container\">\n\t\t\t\t\t\t\t<div class=\"elementor-divider\">\n\t\t\t<span class=\"elementor-divider-separator\">\n\t\t\t\t\t\t<\/span>\n\t\t<\/div>\n\t\t\t\t\t\t<\/div>\n\t\t\t\t<\/div>\n\t\t\t\t<div class=\"elementor-element elementor-element-4ca6e38 elementor-widget elementor-widget-video\" data-id=\"4ca6e38\" data-element_type=\"widget\" data-e-type=\"widget\" data-settings=\"{&quot;youtube_url&quot;:&quot;https:\\\/\\\/youtu.be\\\/5E0KCvPPQqw&quot;,&quot;video_type&quot;:&quot;youtube&quot;,&quot;controls&quot;:&quot;yes&quot;}\" data-widget_type=\"video.default\">\n\t\t\t\t<div class=\"elementor-widget-container\">\n\t\t\t\t\t\t\t<div class=\"elementor-wrapper elementor-open-inline\">\n\t\t\t<div class=\"elementor-video\"><\/div>\t\t<\/div>\n\t\t\t\t\t\t<\/div>\n\t\t\t\t<\/div>\n\t\t\t\t\t<\/div>\n\t\t<\/div>\n\t\t\t\t\t<\/div>\n\t\t<\/section>\n\t\t\t\t<section class=\"elementor-section elementor-top-section elementor-element elementor-element-5e1c9b8 elementor-section-full_width elementor-section-height-default elementor-section-height-default\" data-id=\"5e1c9b8\" data-element_type=\"section\" data-e-type=\"section\">\n\t\t\t\t\t\t<div class=\"elementor-container elementor-column-gap-wide\">\n\t\t\t\t\t<div class=\"elementor-column elementor-col-100 elementor-top-column elementor-element elementor-element-eef8f06\" data-id=\"eef8f06\" data-element_type=\"column\" data-e-type=\"column\">\n\t\t\t<div class=\"elementor-widget-wrap elementor-element-populated\">\n\t\t\t\t\t\t<div class=\"elementor-element elementor-element-75e3858 elementor-widget-divider--view-line elementor-widget elementor-widget-divider\" data-id=\"75e3858\" data-element_type=\"widget\" data-e-type=\"widget\" data-widget_type=\"divider.default\">\n\t\t\t\t<div class=\"elementor-widget-container\">\n\t\t\t\t\t\t\t<div class=\"elementor-divider\">\n\t\t\t<span class=\"elementor-divider-separator\">\n\t\t\t\t\t\t<\/span>\n\t\t<\/div>\n\t\t\t\t\t\t<\/div>\n\t\t\t\t<\/div>\n\t\t\t\t<div class=\"elementor-element elementor-element-4f48cba elementor-widget elementor-widget-video\" data-id=\"4f48cba\" data-element_type=\"widget\" data-e-type=\"widget\" data-settings=\"{&quot;youtube_url&quot;:&quot;https:\\\/\\\/www.youtube.com\\\/watch?v=qA8OJp7tq6I&quot;,&quot;video_type&quot;:&quot;youtube&quot;,&quot;controls&quot;:&quot;yes&quot;}\" data-widget_type=\"video.default\">\n\t\t\t\t<div class=\"elementor-widget-container\">\n\t\t\t\t\t\t\t<div class=\"elementor-wrapper elementor-open-inline\">\n\t\t\t<div class=\"elementor-video\"><\/div>\t\t<\/div>\n\t\t\t\t\t\t<\/div>\n\t\t\t\t<\/div>\n\t\t\t\t\t<\/div>\n\t\t<\/div>\n\t\t\t\t\t<\/div>\n\t\t<\/section>\n\t\t\t\t<section class=\"elementor-section elementor-top-section elementor-element elementor-element-4bae40e elementor-section-boxed elementor-section-height-default elementor-section-height-default\" data-id=\"4bae40e\" data-element_type=\"section\" data-e-type=\"section\">\n\t\t\t\t\t\t<div class=\"elementor-container elementor-column-gap-default\">\n\t\t\t\t\t<div class=\"elementor-column elementor-col-50 elementor-top-column elementor-element elementor-element-5904e3c\" data-id=\"5904e3c\" data-element_type=\"column\" data-e-type=\"column\">\n\t\t\t<div class=\"elementor-widget-wrap elementor-element-populated\">\n\t\t\t\t\t\t<div class=\"elementor-element elementor-element-f6f8f3b elementor-widget elementor-widget-video\" data-id=\"f6f8f3b\" data-element_type=\"widget\" data-e-type=\"widget\" data-settings=\"{&quot;youtube_url&quot;:&quot;https:\\\/\\\/www.youtube.com\\\/watch?v=UveMx9cL8Tk&amp;pp=ygUZbW9qIHNhdnJzZW5pIGxqdWJpbWFjIDE4NQ%3D%3D&quot;,&quot;video_type&quot;:&quot;youtube&quot;,&quot;controls&quot;:&quot;yes&quot;}\" data-widget_type=\"video.default\">\n\t\t\t\t<div class=\"elementor-widget-container\">\n\t\t\t\t\t\t\t<div class=\"elementor-wrapper elementor-open-inline\">\n\t\t\t<div class=\"elementor-video\"><\/div>\t\t<\/div>\n\t\t\t\t\t\t<\/div>\n\t\t\t\t<\/div>\n\t\t\t\t\t<\/div>\n\t\t<\/div>\n\t\t\t\t<div class=\"elementor-column elementor-col-50 elementor-top-column elementor-element elementor-element-67797ee\" data-id=\"67797ee\" data-element_type=\"column\" data-e-type=\"column\">\n\t\t\t<div class=\"elementor-widget-wrap elementor-element-populated\">\n\t\t\t\t\t\t<div class=\"elementor-element elementor-element-7ff1f80 elementor-widget elementor-widget-video\" data-id=\"7ff1f80\" data-element_type=\"widget\" data-e-type=\"widget\" data-settings=\"{&quot;youtube_url&quot;:&quot;https:\\\/\\\/www.youtube.com\\\/watch?v=GeQIOF6he5U&amp;pp=ygUZbW9qIHNhdnJzZW5pIGxqdWJpbWFjIDE4Ng%3D%3D&quot;,&quot;video_type&quot;:&quot;youtube&quot;,&quot;controls&quot;:&quot;yes&quot;}\" data-widget_type=\"video.default\">\n\t\t\t\t<div class=\"elementor-widget-container\">\n\t\t\t\t\t\t\t<div class=\"elementor-wrapper elementor-open-inline\">\n\t\t\t<div class=\"elementor-video\"><\/div>\t\t<\/div>\n\t\t\t\t\t\t<\/div>\n\t\t\t\t<\/div>\n\t\t\t\t\t<\/div>\n\t\t<\/div>\n\t\t\t\t\t<\/div>\n\t\t<\/section>\n\t\t\t\t<section class=\"elementor-section elementor-top-section elementor-element elementor-element-6123c01 elementor-section-boxed elementor-section-height-default elementor-section-height-default\" data-id=\"6123c01\" data-element_type=\"section\" data-e-type=\"section\">\n\t\t\t\t\t\t<div class=\"elementor-container elementor-column-gap-default\">\n\t\t\t\t\t<div class=\"elementor-column elementor-col-50 elementor-top-column elementor-element elementor-element-6b35b6c\" data-id=\"6b35b6c\" data-element_type=\"column\" data-e-type=\"column\">\n\t\t\t<div class=\"elementor-widget-wrap elementor-element-populated\">\n\t\t\t\t\t\t<div class=\"elementor-element elementor-element-0533d81 elementor-widget elementor-widget-video\" data-id=\"0533d81\" data-element_type=\"widget\" data-e-type=\"widget\" data-settings=\"{&quot;youtube_url&quot;:&quot;https:\\\/\\\/www.youtube.com\\\/watch?v=i8XREMbRq1o&amp;pp=ygUZbW9qIHNhdnJzZW5pIGxqdWJpbWFjIDE5OA%3D%3D&quot;,&quot;video_type&quot;:&quot;youtube&quot;,&quot;controls&quot;:&quot;yes&quot;}\" data-widget_type=\"video.default\">\n\t\t\t\t<div class=\"elementor-widget-container\">\n\t\t\t\t\t\t\t<div class=\"elementor-wrapper elementor-open-inline\">\n\t\t\t<div class=\"elementor-video\"><\/div>\t\t<\/div>\n\t\t\t\t\t\t<\/div>\n\t\t\t\t<\/div>\n\t\t\t\t\t<\/div>\n\t\t<\/div>\n\t\t\t\t<div class=\"elementor-column elementor-col-50 elementor-top-column elementor-element elementor-element-b29243b\" data-id=\"b29243b\" data-element_type=\"column\" data-e-type=\"column\">\n\t\t\t<div class=\"elementor-widget-wrap elementor-element-populated\">\n\t\t\t\t\t\t<div class=\"elementor-element elementor-element-18562f5 elementor-widget elementor-widget-video\" data-id=\"18562f5\" data-element_type=\"widget\" data-e-type=\"widget\" data-settings=\"{&quot;youtube_url&quot;:&quot;https:\\\/\\\/www.youtube.com\\\/watch?v=ODMT9Oh60Po&amp;pp=ygUZbW9qIHNhdnJzZW5pIGxqdWJpbWFjIDIxMQ%3D%3D&quot;,&quot;video_type&quot;:&quot;youtube&quot;,&quot;controls&quot;:&quot;yes&quot;}\" data-widget_type=\"video.default\">\n\t\t\t\t<div class=\"elementor-widget-container\">\n\t\t\t\t\t\t\t<div class=\"elementor-wrapper elementor-open-inline\">\n\t\t\t<div class=\"elementor-video\"><\/div>\t\t<\/div>\n\t\t\t\t\t\t<\/div>\n\t\t\t\t<\/div>\n\t\t\t\t\t<\/div>\n\t\t<\/div>\n\t\t\t\t\t<\/div>\n\t\t<\/section>\n\t\t\t\t<section class=\"elementor-section elementor-top-section elementor-element elementor-element-dd82afd elementor-section-boxed elementor-section-height-default elementor-section-height-default\" data-id=\"dd82afd\" data-element_type=\"section\" data-e-type=\"section\">\n\t\t\t\t\t\t<div class=\"elementor-container elementor-column-gap-default\">\n\t\t\t\t\t<div class=\"elementor-column elementor-col-100 elementor-top-column elementor-element elementor-element-191924e\" data-id=\"191924e\" data-element_type=\"column\" data-e-type=\"column\">\n\t\t\t<div class=\"elementor-widget-wrap elementor-element-populated\">\n\t\t\t\t\t\t<div class=\"elementor-element elementor-element-71f33b6 elementor-widget elementor-widget-video\" data-id=\"71f33b6\" data-element_type=\"widget\" data-e-type=\"widget\" data-settings=\"{&quot;youtube_url&quot;:&quot;https:\\\/\\\/www.youtube.com\\\/watch?v=xQyAs1M7dOc&quot;,&quot;video_type&quot;:&quot;youtube&quot;,&quot;controls&quot;:&quot;yes&quot;}\" data-widget_type=\"video.default\">\n\t\t\t\t<div class=\"elementor-widget-container\">\n\t\t\t\t\t\t\t<div class=\"elementor-wrapper elementor-open-inline\">\n\t\t\t<div class=\"elementor-video\"><\/div>\t\t<\/div>\n\t\t\t\t\t\t<\/div>\n\t\t\t\t<\/div>\n\t\t\t\t\t<\/div>\n\t\t<\/div>\n\t\t\t\t\t<\/div>\n\t\t<\/section>\n\t\t\t\t<section class=\"elementor-section elementor-top-section elementor-element elementor-element-01b4c9f elementor-section-boxed elementor-section-height-default elementor-section-height-default\" data-id=\"01b4c9f\" data-element_type=\"section\" data-e-type=\"section\">\n\t\t\t\t\t\t<div class=\"elementor-container elementor-column-gap-default\">\n\t\t\t\t\t<div class=\"elementor-column elementor-col-50 elementor-top-column elementor-element elementor-element-7083e53\" data-id=\"7083e53\" data-element_type=\"column\" data-e-type=\"column\">\n\t\t\t<div class=\"elementor-widget-wrap elementor-element-populated\">\n\t\t\t\t\t\t<div class=\"elementor-element elementor-element-ff9c6b1 elementor-widget elementor-widget-video\" data-id=\"ff9c6b1\" data-element_type=\"widget\" data-e-type=\"widget\" data-settings=\"{&quot;youtube_url&quot;:&quot;https:\\\/\\\/www.youtube.com\\\/watch?v=UVlDcXzt5CY&quot;,&quot;video_type&quot;:&quot;youtube&quot;,&quot;controls&quot;:&quot;yes&quot;}\" data-widget_type=\"video.default\">\n\t\t\t\t<div class=\"elementor-widget-container\">\n\t\t\t\t\t\t\t<div class=\"elementor-wrapper elementor-open-inline\">\n\t\t\t<div class=\"elementor-video\"><\/div>\t\t<\/div>\n\t\t\t\t\t\t<\/div>\n\t\t\t\t<\/div>\n\t\t\t\t\t<\/div>\n\t\t<\/div>\n\t\t\t\t<div class=\"elementor-column elementor-col-50 elementor-top-column elementor-element elementor-element-436acb9\" data-id=\"436acb9\" data-element_type=\"column\" data-e-type=\"column\">\n\t\t\t<div class=\"elementor-widget-wrap elementor-element-populated\">\n\t\t\t\t\t\t<div class=\"elementor-element elementor-element-1de4a14 elementor-widget elementor-widget-video\" data-id=\"1de4a14\" data-element_type=\"widget\" data-e-type=\"widget\" data-settings=\"{&quot;youtube_url&quot;:&quot;https:\\\/\\\/youtu.be\\\/q1hdtp6HINU&quot;,&quot;video_type&quot;:&quot;youtube&quot;,&quot;controls&quot;:&quot;yes&quot;}\" data-widget_type=\"video.default\">\n\t\t\t\t<div class=\"elementor-widget-container\">\n\t\t\t\t\t\t\t<div class=\"elementor-wrapper elementor-open-inline\">\n\t\t\t<div class=\"elementor-video\"><\/div>\t\t<\/div>\n\t\t\t\t\t\t<\/div>\n\t\t\t\t<\/div>\n\t\t\t\t\t<\/div>\n\t\t<\/div>\n\t\t\t\t\t<\/div>\n\t\t<\/section>\n\t\t\t\t<section class=\"elementor-section elementor-top-section elementor-element elementor-element-805b544 elementor-section-stretched elementor-section-height-min-height elementor-section-boxed elementor-section-height-default elementor-section-items-middle\" data-id=\"805b544\" data-element_type=\"section\" data-e-type=\"section\" data-settings=\"{&quot;stretch_section&quot;:&quot;section-stretched&quot;}\">\n\t\t\t\t\t\t<div class=\"elementor-container elementor-column-gap-default\">\n\t\t\t\t\t<div class=\"elementor-column elementor-col-100 elementor-top-column elementor-element elementor-element-e3b2720\" data-id=\"e3b2720\" data-element_type=\"column\" data-e-type=\"column\">\n\t\t\t<div class=\"elementor-widget-wrap elementor-element-populated\">\n\t\t\t\t\t\t\t<\/div>\n\t\t<\/div>\n\t\t\t\t\t<\/div>\n\t\t<\/section>\n\t\t\t\t<section class=\"elementor-section elementor-top-section elementor-element elementor-element-bf56f38 elementor-section-full_width elementor-section-height-default elementor-section-height-default\" data-id=\"bf56f38\" data-element_type=\"section\" data-e-type=\"section\">\n\t\t\t\t\t\t<div class=\"elementor-container elementor-column-gap-wide\">\n\t\t\t\t\t<div class=\"elementor-column elementor-col-100 elementor-top-column elementor-element elementor-element-fbc24e9\" data-id=\"fbc24e9\" data-element_type=\"column\" data-e-type=\"column\">\n\t\t\t<div class=\"elementor-widget-wrap elementor-element-populated\">\n\t\t\t\t\t\t<div class=\"elementor-element elementor-element-783f283 elementor-widget-divider--view-line elementor-widget elementor-widget-divider\" data-id=\"783f283\" data-element_type=\"widget\" data-e-type=\"widget\" data-widget_type=\"divider.default\">\n\t\t\t\t<div class=\"elementor-widget-container\">\n\t\t\t\t\t\t\t<div class=\"elementor-divider\">\n\t\t\t<span class=\"elementor-divider-separator\">\n\t\t\t\t\t\t<\/span>\n\t\t<\/div>\n\t\t\t\t\t\t<\/div>\n\t\t\t\t<\/div>\n\t\t\t\t\t<\/div>\n\t\t<\/div>\n\t\t\t\t\t<\/div>\n\t\t<\/section>\n\t\t\t\t<section class=\"elementor-section elementor-top-section elementor-element elementor-element-2d76688 elementor-section-boxed elementor-section-height-default elementor-section-height-default\" data-id=\"2d76688\" data-element_type=\"section\" data-e-type=\"section\">\n\t\t\t\t\t\t<div class=\"elementor-container elementor-column-gap-default\">\n\t\t\t\t\t<div class=\"elementor-column elementor-col-33 elementor-top-column elementor-element elementor-element-d7ebb76\" data-id=\"d7ebb76\" data-element_type=\"column\" data-e-type=\"column\">\n\t\t\t<div class=\"elementor-widget-wrap elementor-element-populated\">\n\t\t\t\t\t\t<div class=\"elementor-element elementor-element-ec1b607 elementor-widget elementor-widget-text-editor\" data-id=\"ec1b607\" data-element_type=\"widget\" data-e-type=\"widget\" data-widget_type=\"text-editor.default\">\n\t\t\t\t<div class=\"elementor-widget-container\">\n\t\t\t\t\t\t\t\t\t<p><img decoding=\"async\" class=\"alignnone wp-image-600 size-large\" src=\"http:\/\/cavalierciric.com\/wp-content\/uploads\/2018\/03\/cavalier-spaniel-1024x683.jpg\" alt=\"\" width=\"720\" height=\"480\" srcset=\"https:\/\/www.cavalierciric.com\/wp-content\/uploads\/2018\/03\/cavalier-spaniel-1024x683.jpg 1024w, https:\/\/www.cavalierciric.com\/wp-content\/uploads\/2018\/03\/cavalier-spaniel-300x200.jpg 300w, https:\/\/www.cavalierciric.com\/wp-content\/uploads\/2018\/03\/cavalier-spaniel-768x512.jpg 768w, https:\/\/www.cavalierciric.com\/wp-content\/uploads\/2018\/03\/cavalier-spaniel-1600x1067.jpg 1600w, https:\/\/www.cavalierciric.com\/wp-content\/uploads\/2018\/03\/cavalier-spaniel.jpg 2048w\" sizes=\"(max-width: 720px) 100vw, 720px\" \/><\/p><p><strong>Kavalirski \u0160panijel Karakteristike\u00a0<\/strong><\/p><p>Kavalirski \u0161panijel kako ga neki zovu je pravi pas za Vas ako volite da imate ljubimca koji \u0107e stalno da ma\u0161e repom i da bude aktivan sa Vama.<br \/>Pogledajte sve karakteristike <strong><a href=\"http:\/\/cavalierciric.com\/kavalier-spanijel-karakteristike\/\">kavalirski \u0161panijel<\/a>.<\/strong><\/p>\t\t\t\t\t\t\t\t<\/div>\n\t\t\t\t<\/div>\n\t\t\t\t\t<\/div>\n\t\t<\/div>\n\t\t\t\t<div class=\"elementor-column elementor-col-33 elementor-top-column elementor-element elementor-element-574e4a6\" data-id=\"574e4a6\" data-element_type=\"column\" data-e-type=\"column\">\n\t\t\t<div class=\"elementor-widget-wrap elementor-element-populated\">\n\t\t\t\t\t\t<div class=\"elementor-element elementor-element-a75c5e8 elementor-widget elementor-widget-text-editor\" data-id=\"a75c5e8\" data-element_type=\"widget\" data-e-type=\"widget\" data-widget_type=\"text-editor.default\">\n\t\t\t\t<div class=\"elementor-widget-container\">\n\t\t\t\t\t\t\t\t\t<p><img decoding=\"async\" class=\"alignnone wp-image-478 size-large\" src=\"http:\/\/cavalierciric.com\/wp-content\/uploads\/2018\/01\/cavalier-spaniel-king-charles-charlie-1024x683.jpg\" alt=\"cavalier-spaniel-king-charles-charlie\" width=\"720\" height=\"480\" srcset=\"https:\/\/www.cavalierciric.com\/wp-content\/uploads\/2018\/01\/cavalier-spaniel-king-charles-charlie-1024x683.jpg 1024w, https:\/\/www.cavalierciric.com\/wp-content\/uploads\/2018\/01\/cavalier-spaniel-king-charles-charlie-300x200.jpg 300w, https:\/\/www.cavalierciric.com\/wp-content\/uploads\/2018\/01\/cavalier-spaniel-king-charles-charlie-768x512.jpg 768w, https:\/\/www.cavalierciric.com\/wp-content\/uploads\/2018\/01\/cavalier-spaniel-king-charles-charlie-1600x1067.jpg 1600w, https:\/\/www.cavalierciric.com\/wp-content\/uploads\/2018\/01\/cavalier-spaniel-king-charles-charlie.jpg 1920w\" sizes=\"(max-width: 720px) 100vw, 720px\" \/><\/p><p><strong>Kavalier \u0160panijel Mu\u017ejaci<\/strong><\/p><p>Odgajiva\u010dnica Kavalier \u0160panijela Kralja \u010carlsa u svom leglu ima veoma kvalitetne i odlikovame mu\u017ejake.<\/p>\t\t\t\t\t\t\t\t<\/div>\n\t\t\t\t<\/div>\n\t\t\t\t\t<\/div>\n\t\t<\/div>\n\t\t\t\t<div class=\"elementor-column elementor-col-33 elementor-top-column elementor-element elementor-element-43b13cf\" data-id=\"43b13cf\" data-element_type=\"column\" data-e-type=\"column\">\n\t\t\t<div class=\"elementor-widget-wrap elementor-element-populated\">\n\t\t\t\t\t\t<div class=\"elementor-element elementor-element-96f3202 elementor-widget elementor-widget-text-editor\" data-id=\"96f3202\" data-element_type=\"widget\" data-e-type=\"widget\" data-widget_type=\"text-editor.default\">\n\t\t\t\t<div class=\"elementor-widget-container\">\n\t\t\t\t\t\t\t\t\t<p><img loading=\"lazy\" decoding=\"async\" class=\"alignnone wp-image-448 size-full\" src=\"http:\/\/cavalierciric.com\/wp-content\/uploads\/2018\/01\/nela.jpg\" alt=\"\" width=\"768\" height=\"512\" srcset=\"https:\/\/www.cavalierciric.com\/wp-content\/uploads\/2018\/01\/nela.jpg 768w, https:\/\/www.cavalierciric.com\/wp-content\/uploads\/2018\/01\/nela-300x200.jpg 300w\" sizes=\"(max-width: 768px) 100vw, 768px\" \/><\/p><p><strong>Kavalirski \u0160panijel \u017denke<\/strong><\/p><p>Ovo su prave na\u0161e KRALJICE, visoko odlikovane \u017eenke iz poznatih legla Kavalier \u0160panijel Kralja \u010carlsa.<\/p>\t\t\t\t\t\t\t\t<\/div>\n\t\t\t\t<\/div>\n\t\t\t\t\t<\/div>\n\t\t<\/div>\n\t\t\t\t\t<\/div>\n\t\t<\/section>\n\t\t\t\t<\/div>\n\t\t<p><\/p>","protected":false},"excerpt":{"rendered":"<p>ODGAJIVA\u010cNICA KAVALIER \u0160PANIJELA KRALJA \u010cARLSA \u0106IRI\u0106 DA SE PREDSTAVIMO Nalazimo se u Vojvodini, malo mesto Bege\u010d pored Novog Sada. Sve je po\u010delo 2009 godine, kada smo kupili prvu malte\u0161ku pudlu. Uz veliku ljubav koju smo stekli prema psima, u Decembru 2011 godine registrujemo odgajiva\u010dnicu pod nazivom \u201cDe Kuntentizza of \u0106iri\u0107\u201d FCI-5263. 2014 godine stvara se [&hellip;]<\/p>\n","protected":false},"author":1,"featured_media":0,"parent":0,"menu_order":0,"comment_status":"closed","ping_status":"closed","template":"template-fullwidth.php","meta":{"om_disable_all_campaigns":false,"_monsterinsights_skip_tracking":false,"_monsterinsights_sitenote_active":false,"_monsterinsights_sitenote_note":"","_monsterinsights_sitenote_category":0,"_uf_show_specific_survey":0,"_uf_disable_surveys":false,"footnotes":""},"class_list":["post-566","page","type-page","status-publish","hentry"],"aioseo_notices":[],"_links":{"self":[{"href":"https:\/\/www.cavalierciric.com\/en\/wp-json\/wp\/v2\/pages\/566","targetHints":{"allow":["GET"]}}],"collection":[{"href":"https:\/\/www.cavalierciric.com\/en\/wp-json\/wp\/v2\/pages"}],"about":[{"href":"https:\/\/www.cavalierciric.com\/en\/wp-json\/wp\/v2\/types\/page"}],"author":[{"embeddable":true,"href":"https:\/\/www.cavalierciric.com\/en\/wp-json\/wp\/v2\/users\/1"}],"replies":[{"embeddable":true,"href":"https:\/\/www.cavalierciric.com\/en\/wp-json\/wp\/v2\/comments?post=566"}],"version-history":[{"count":98,"href":"https:\/\/www.cavalierciric.com\/en\/wp-json\/wp\/v2\/pages\/566\/revisions"}],"predecessor-version":[{"id":938,"href":"https:\/\/www.cavalierciric.com\/en\/wp-json\/wp\/v2\/pages\/566\/revisions\/938"}],"wp:attachment":[{"href":"https:\/\/www.cavalierciric.com\/en\/wp-json\/wp\/v2\/media?parent=566"}],"curies":[{"name":"wp","href":"https:\/\/api.w.org\/{rel}","templated":true}]}}