{"id":248,"date":"2018-01-20T13:23:38","date_gmt":"2018-01-20T13:23:38","guid":{"rendered":"http:\/\/cavalierciric.com\/?page_id=248"},"modified":"2024-06-22T14:18:15","modified_gmt":"2024-06-22T14:18:15","slug":"kavalier-spanijel-karakteristike","status":"publish","type":"page","link":"https:\/\/www.cavalierciric.com\/rs\/kavalier-spanijel-karakteristike\/","title":{"rendered":"Kavalier \u0160panijel Karakteristike"},"content":{"rendered":"<p><\/p>\n<div>\n<h3 style=\"text-align: center;\"><strong>Reporta\u017ea sa odgajiva\u010dnicom &#8220;De Kuntentizza of \u0106iri\u0107&#8221;<\/strong><\/h3>\n<p style=\"text-align: center;\">Emisija &#8220;Klinika Vet&#8221; -TV emisija o veterini i ku\u0107nim ljubimcima.<\/p>\n<p style=\"text-align: center;\">RTS 2, subotom u 10.30<\/p>\n<p style=\"text-align: center;\">&#8220;Royal Pet&#8221; Izbor za kraljevskog ljubimca Novog Sada<\/p>\n<p style=\"text-align: center;\">Generalni sponzor Royal Canin<\/p>\n<p style=\"text-align: center;\">Reporta\u017ea iz BIG tr\u017enog centra<\/p>\n<p style=\"text-align: center;\">28.03.2015<\/p>\n<\/div>\n<div style=\"width: 100%; display: inline-table; text-align: center;\"><iframe src=\"https:\/\/www.youtube.com\/embed\/4ntN8OYdas4\" width=\"535\" height=\"301\" frameborder=\"0\" allowfullscreen=\"allowfullscreen\"><\/iframe><\/div>\n<hr \/>\n<hr \/>\n<hr \/>\n<h3>Kavalijer \u0160paniel King \u010carls Karakteristike Rase<\/h3>\n<p>&nbsp;<\/p>\n<p>Standard br. 136 &#8211; V.Britanija<\/p>\n<p><strong>Op\u0161ti izgled:<\/strong> Aktivan, ljubak, uravnote\u017een, sa blagim izrazom.<\/p>\n<p><strong>Karakteristika:<\/strong> Preduzimljiv, ne\u017ean, apsolutno neustra\u0161iv<\/p>\n<p><strong>Narav:<\/strong> Radostan, prijateljski, nije kavgad\u017eija, bez znakova nervoze.<\/p>\n<p><strong>Glava i lobanja:<\/strong> Izmedu u\u0161iju lobanja gotovo ravna. Ravan stop. Du\u017eina nju\u0161ke od stopa do vrha nosa pribli\u017eno 3,8cm. Nosna pe\u010durka crna, dobro razvijena i bez oznake boje mesa. Nju\u0161ka se su\u017eava ka vrhu. Usne dobro razvijene, ali nisu vise\u0107e. Delovi ispod o\u010diju dobro ispunjeni. Nepo\u017eeljan je svaki znak slabe ili \u0161picaste nju\u0161ke.<\/p>\n<p><strong>O\u010di:<\/strong> Velike, tamne i okrugle, ali nisu buljave. Dobro razmaknuto jedno od drugog.<\/p>\n<p><strong>U\u0161i:<\/strong> Duge, visoko usa\u0111ene, rasko\u0161no odlakane.<\/p>\n<p><strong>Zubalo:<\/strong> Sna\u017ene vilice sa perfektnim, pravilnim i potpunim makazastim zubalom pri \u010demu sekuti\u0107i gornje vilice tesno nale\u017eu na one iz donje.<\/p>\n<p><strong>Vrat:<\/strong> Srednje dug, blago zaobljen.<\/p>\n<p><strong>Prednje noge:<\/strong> Srednje razvijene grudi, dobro unazad postavljene ple\u0107ke ravne noge sa srednje izra\u017eenim kosturom.<\/p>\n<p><strong>Telo:<\/strong> Kratko, kompaktno sa dobro zaobljenim rebrima. Ravna le\u0111a.<\/p>\n<p><strong>Zadnje noge:<\/strong> Srednje sna\u017ena kosti, dobro uglovano koleno. Bez znakova kravljeg stava ili zatvoreni sko\u010dni zglob.<\/p>\n<p><strong>\u0160ape:<\/strong> Kompaktne, puni jastu\u010di\u0107i, dobro oblikovane.<\/p>\n<p><strong>Rep:<\/strong> Du\u017eina repa u skladu sa gradom tela, dobro usa\u0111en, veseo, ali nikada no\u0161en jasno iznad le\u0111ne linije. Dozvoljeno kupiranje, ipak najvi\u0161e za 1\/3.<\/p>\n<p><strong>Kretanje:<\/strong> Slobodni i elegantni pokreti, veoma puno potiska. Prednje i zadnje noge se kre\u0107u paralelno me\u0111usobno, posmatrano od napred i od pozadi.<\/p>\n<p><strong>Dlaka:<\/strong> Duga, svilenkasta, bez uvijutaka. Dozvoljena je blaga talasastost. Bujne zastavice. Apsolutno se ne sme trimovati.<\/p>\n<p><strong>Boja:<\/strong> Priznate su slede\u0107e boje:<\/p>\n<p>Black-ten(Crna sa pale\u017eom) &#8211; crna kao gavran sa pale\u017enim oznakama iznad o\u010diju, na gu\u0161i, na unutra\u0161njim stranama u\u0161iju, na grudima, na nogama i na donjoj strani repa. Pale\u017e treba da je sjajan, nepo\u017eeljne su bele fleke.<\/p>\n<p>Rubi &#8211; jednobojno tamno crvena. Nepo\u017eeljne bele fleke.<\/p>\n<p>Blenheim &#8211; Dobro ograni\u010dene intenzivne kestenjasto-crvene oznake na biserno beloj osnovnoj boji. Oznake na glavi, ravnomerno razdeljene i ostavljaju izra\u017een me\u0111uprostor za specifi\u010dnu oznaku &#8220;lozenge&#8221;-(specifi\u010dna oznaka ove rase)<\/p>\n<p>Trikolor &#8211; dobro raspore\u0111ena i dobro ograni\u010dena crno-bela sa pale\u017enim oznakama iznad o\u010diju , na gu\u0161i , na unutra\u0161noj strani u\u0161iju , na unutra\u0161njoj strani nogu , na donjoj strani repa. Svaka druga boja ili skup boja su maksimalno nepo\u017eeljni.<\/p>\n<p><strong>Veli\u010dina:<\/strong> 5,5-8 kg. Po\u017eeljan je manji veoma ujedna\u010den pas u ovim granicama.<\/p>\n<p><strong>Gre\u0161ke:<\/strong> Svako odstupanje od gore navedenih predstavlja gre\u0161ku, \u010dije ocenjivanje stoji u ta\u010dnom odnosu sa stepenom izra\u017eenosti.<\/p>\n<p>N.B. mu\u017ejaci treba da imaju dva normalno razvijena testisa, potpuno spu\u0161tena u skrotum.<\/p>\n<p><\/p>","protected":false},"excerpt":{"rendered":"<p>Reporta\u017ea sa odgajiva\u010dnicom &#8220;De Kuntentizza of \u0106iri\u0107&#8221; Emisija &#8220;Klinika Vet&#8221; -TV emisija o veterini i ku\u0107nim ljubimcima. RTS 2, subotom u 10.30 &#8220;Royal Pet&#8221; Izbor za kraljevskog ljubimca Novog Sada Generalni sponzor Royal Canin Reporta\u017ea iz BIG tr\u017enog centra 28.03.2015 Kavalijer \u0160paniel King \u010carls Karakteristike Rase &nbsp; Standard br. 136 &#8211; V.Britanija Op\u0161ti izgled: Aktivan, [&hellip;]<\/p>\n","protected":false},"author":1,"featured_media":0,"parent":0,"menu_order":0,"comment_status":"closed","ping_status":"closed","template":"template-fullwidth.php","meta":{"om_disable_all_campaigns":false,"_monsterinsights_skip_tracking":false,"_monsterinsights_sitenote_active":false,"_monsterinsights_sitenote_note":"","_monsterinsights_sitenote_category":0,"_uf_show_specific_survey":0,"_uf_disable_surveys":false,"footnotes":""},"class_list":["post-248","page","type-page","status-publish","hentry"],"aioseo_notices":[],"_links":{"self":[{"href":"https:\/\/www.cavalierciric.com\/rs\/wp-json\/wp\/v2\/pages\/248","targetHints":{"allow":["GET"]}}],"collection":[{"href":"https:\/\/www.cavalierciric.com\/rs\/wp-json\/wp\/v2\/pages"}],"about":[{"href":"https:\/\/www.cavalierciric.com\/rs\/wp-json\/wp\/v2\/types\/page"}],"author":[{"embeddable":true,"href":"https:\/\/www.cavalierciric.com\/rs\/wp-json\/wp\/v2\/users\/1"}],"replies":[{"embeddable":true,"href":"https:\/\/www.cavalierciric.com\/rs\/wp-json\/wp\/v2\/comments?post=248"}],"version-history":[{"count":32,"href":"https:\/\/www.cavalierciric.com\/rs\/wp-json\/wp\/v2\/pages\/248\/revisions"}],"predecessor-version":[{"id":867,"href":"https:\/\/www.cavalierciric.com\/rs\/wp-json\/wp\/v2\/pages\/248\/revisions\/867"}],"wp:attachment":[{"href":"https:\/\/www.cavalierciric.com\/rs\/wp-json\/wp\/v2\/media?parent=248"}],"curies":[{"name":"wp","href":"https:\/\/api.w.org\/{rel}","templated":true}]}}